{"id":8,"date":"2013-03-25T18:19:04","date_gmt":"2013-03-25T17:19:04","guid":{"rendered":"http:\/\/www.partidosocialistasanturtzi.com\/?page_id=8"},"modified":"2026-02-27T18:11:53","modified_gmt":"2026-02-27T17:11:53","slug":"noticias","status":"publish","type":"page","link":"https:\/\/www.partidosocialistasanturtzi.com\/?page_id=8","title":{"rendered":"Ejecutiva municipal"},"content":{"rendered":"\n<p><strong>RELACI\u00d3N DE CARGOS<\/strong><\/p>\n\n\n\n<div class=\"wp-block-group\"><div class=\"wp-block-group__inner-container is-layout-constrained wp-block-group-is-layout-constrained\">\n<div class=\"wp-block-columns is-layout-flex wp-container-core-columns-is-layout-9d6595d7 wp-block-columns-is-layout-flex\">\n<div class=\"wp-block-column is-layout-flow wp-block-column-is-layout-flow\" style=\"flex-basis:100%\">\n<div class=\"wp-block-columns is-layout-flex wp-container-core-columns-is-layout-9d6595d7 wp-block-columns-is-layout-flex\">\n<div class=\"wp-block-column is-layout-flow wp-block-column-is-layout-flow\" style=\"flex-basis:100%\">\n<div class=\"wp-block-group\"><div class=\"wp-block-group__inner-container is-layout-constrained wp-block-group-is-layout-constrained\">\n<div class=\"wp-block-columns alignfull are-vertically-aligned-center is-layout-flex wp-container-core-columns-is-layout-9d6595d7 wp-block-columns-is-layout-flex\">\n<div class=\"wp-block-column is-vertically-aligned-center is-layout-flow wp-block-column-is-layout-flow\" style=\"flex-basis:100%\">\n<details class=\"wp-block-details is-layout-flow wp-block-details-is-layout-flow\"><summary><\/summary>\n<div class=\"wp-block-columns is-style-default is-layout-flex wp-container-core-columns-is-layout-9d6595d7 wp-block-columns-is-layout-flex\">\n<div class=\"wp-block-column is-layout-flow wp-block-column-is-layout-flow\" style=\"flex-basis:100%\">\n<div class=\"wp-block-group\"><div class=\"wp-block-group__inner-container is-layout-constrained wp-block-group-is-layout-constrained\">\n<details class=\"wp-block-details is-layout-flow wp-block-details-is-layout-flow\"><summary><\/summary>\n<p><\/p>\n<\/details>\n<\/div><\/div>\n<\/div>\n<\/div>\n<\/details>\n\n\n\n<figure class=\"wp-block-table\"><table class=\"has-fixed-layout\"><tbody><tr><td><figure><strong>SECRETAR\u00cdA DE IGUALDAD.<\/strong> <\/figure><\/td><td> &nbsp;&nbsp;OLGA PASTOR ALBIZU<\/td><\/tr><tr><td><figure><strong>SECRETAR\u00cdA GENERAL COMIT\u00c9 MUNICIPAL<\/strong>. &nbsp;<\/figure><\/td><td>&nbsp;ITZIAR UTRERA PEREZ<\/td><\/tr><tr><td><figure><strong>SECRETARIO\/A DE ORGANIZACI\u00d3N.<\/strong> <\/figure><\/td><td>&nbsp;&nbsp;CRISTINA DIAZ PARRO<\/td><\/tr><tr><td><figure><strong>SECRETARIO DE POL\u00cdTICA MUNICIPAL.<\/strong> <\/figure><\/td><td>&nbsp;&nbsp;JOSE JOAQUIN FLORES AGUADO&nbsp;<\/td><\/tr><tr><td><figure><strong>SECRETAR\u00cdA CULTURA, DEPORTE Y EUSKERA.<\/strong><\/figure><\/td><td> &nbsp;&nbsp;PEDRO MIGUEL LUCENA BALDA&nbsp;<\/td><\/tr><tr><td><figure><strong>SECRETAR\u00cdA ESTUDIOS PROGRAMAS Y FORMACI\u00d3N.<\/strong> <\/figure><\/td><td>&nbsp;&nbsp;JON RODRIGUEZ HERNANDO<\/td><\/tr><tr><td><figure><strong>SECRETAR\u00cdA POLITICAS SOCIALES Y EMPLEO.<\/strong> <\/figure><\/td><td>&nbsp;&nbsp;SUSANA RIVERA GARCIA<\/td><\/tr><tr><td><figure><strong>SECRETAR\u00cdA RELACIONES CON LA CIUDADANIA.<\/strong> <\/figure><\/td><td>&nbsp;&nbsp;JANIRE LARREA GONZALEZ<\/td><\/tr><tr><td><figure><strong>SECRETAR\u00cdA DINAMIZACI\u00d3N AGRUPACI\u00d3N.<\/strong><\/figure><\/td><td> &nbsp; MARIO GOMEZ PEREZ<\/td><\/tr><tr><td><figure><strong>SECRETAR\u00cdA DINAMIZACI\u00d3N VERDE.<\/strong> <\/figure><\/td><td>&nbsp;&nbsp;IMANOL MANZANO     MARTINEZ<\/td><\/tr><\/tbody><\/table><\/figure>\n<\/div>\n<\/div>\n<\/div><\/div>\n<\/div>\n<\/div>\n<\/div>\n<\/div>\n<\/div><\/div>\n\n\n\n<p><span class=\"text_exposed_show\"><strong>&nbsp;<\/strong><\/span><\/p>\n","protected":false},"excerpt":{"rendered":"<p>RELACI\u00d3N DE CARGOS SECRETAR\u00cdA DE IGUALDAD. &nbsp;&nbsp;OLGA PASTOR ALBIZU SECRETAR\u00cdA GENERAL COMIT\u00c9 MUNICIPAL. &nbsp; &nbsp;ITZIAR UTRERA PEREZ SECRETARIO\/A DE ORGANIZACI\u00d3N. &nbsp;&nbsp;CRISTINA DIAZ PARRO SECRETARIO DE POL\u00cdTICA MUNICIPAL. &nbsp;&nbsp;JOSE JOAQUIN FLORES AGUADO&nbsp; SECRETAR\u00cdA CULTURA, DEPORTE Y EUSKERA. &nbsp;&nbsp;PEDRO MIGUEL LUCENA BALDA&nbsp; SECRETAR\u00cdA ESTUDIOS PROGRAMAS Y FORMACI\u00d3N. &nbsp;&nbsp;JON RODRIGUEZ HERNANDO SECRETAR\u00cdA POLITICAS SOCIALES Y EMPLEO. &nbsp;&nbsp;SUSANA RIVERA&hellip; <a class=\"more-link\" href=\"https:\/\/www.partidosocialistasanturtzi.com\/?page_id=8\">Seguir leyendo <span class=\"screen-reader-text\">Ejecutiva municipal<\/span><\/a><\/p>\n","protected":false},"author":4,"featured_media":0,"parent":0,"menu_order":3,"comment_status":"closed","ping_status":"closed","template":"","meta":{"footnotes":""},"class_list":["post-8","page","type-page","status-publish","hentry","entry"],"_links":{"self":[{"href":"https:\/\/www.partidosocialistasanturtzi.com\/index.php?rest_route=\/wp\/v2\/pages\/8","targetHints":{"allow":["GET"]}}],"collection":[{"href":"https:\/\/www.partidosocialistasanturtzi.com\/index.php?rest_route=\/wp\/v2\/pages"}],"about":[{"href":"https:\/\/www.partidosocialistasanturtzi.com\/index.php?rest_route=\/wp\/v2\/types\/page"}],"author":[{"embeddable":true,"href":"https:\/\/www.partidosocialistasanturtzi.com\/index.php?rest_route=\/wp\/v2\/users\/4"}],"replies":[{"embeddable":true,"href":"https:\/\/www.partidosocialistasanturtzi.com\/index.php?rest_route=%2Fwp%2Fv2%2Fcomments&post=8"}],"version-history":[{"count":10,"href":"https:\/\/www.partidosocialistasanturtzi.com\/index.php?rest_route=\/wp\/v2\/pages\/8\/revisions"}],"predecessor-version":[{"id":2591,"href":"https:\/\/www.partidosocialistasanturtzi.com\/index.php?rest_route=\/wp\/v2\/pages\/8\/revisions\/2591"}],"wp:attachment":[{"href":"https:\/\/www.partidosocialistasanturtzi.com\/index.php?rest_route=%2Fwp%2Fv2%2Fmedia&parent=8"}],"curies":[{"name":"wp","href":"https:\/\/api.w.org\/{rel}","templated":true}]}}